{"id":1528,"date":"2025-07-07T15:40:11","date_gmt":"2025-07-07T13:40:11","guid":{"rendered":"https:\/\/www.mikronika.pl\/de\/?page_id=1528"},"modified":"2025-11-19T09:20:34","modified_gmt":"2025-11-19T08:20:34","slug":"managementsystem-fur-arbeitssicherheit-der-pn-iso-45001","status":"publish","type":"page","link":"https:\/\/www.mikronika.pl\/de\/normen\/managementsystem-fur-arbeitssicherheit-der-pn-iso-45001\/","title":{"rendered":"Managementsystem f\u00fcr Arbeitssicherheit und Gesundheitsschutz gem\u00e4\u00df den Anforderungen der PN-ISO 45001"},"content":{"rendered":"","protected":false},"excerpt":{"rendered":"","protected":false},"author":6,"featured_media":0,"parent":1586,"menu_order":0,"comment_status":"closed","ping_status":"closed","template":"","meta":{"footnotes":""},"class_list":["post-1528","page","type-page","status-publish","hentry"],"_links":{"self":[{"href":"https:\/\/www.mikronika.pl\/de\/wp-json\/wp\/v2\/pages\/1528","targetHints":{"allow":["GET"]}}],"collection":[{"href":"https:\/\/www.mikronika.pl\/de\/wp-json\/wp\/v2\/pages"}],"about":[{"href":"https:\/\/www.mikronika.pl\/de\/wp-json\/wp\/v2\/types\/page"}],"author":[{"embeddable":true,"href":"https:\/\/www.mikronika.pl\/de\/wp-json\/wp\/v2\/users\/6"}],"replies":[{"embeddable":true,"href":"https:\/\/www.mikronika.pl\/de\/wp-json\/wp\/v2\/comments?post=1528"}],"version-history":[{"count":2,"href":"https:\/\/www.mikronika.pl\/de\/wp-json\/wp\/v2\/pages\/1528\/revisions"}],"predecessor-version":[{"id":1531,"href":"https:\/\/www.mikronika.pl\/de\/wp-json\/wp\/v2\/pages\/1528\/revisions\/1531"}],"up":[{"embeddable":true,"href":"https:\/\/www.mikronika.pl\/de\/wp-json\/wp\/v2\/pages\/1586"}],"wp:attachment":[{"href":"https:\/\/www.mikronika.pl\/de\/wp-json\/wp\/v2\/media?parent=1528"}],"curies":[{"name":"wp","href":"https:\/\/api.w.org\/{rel}","templated":true}]}}