{"id":156,"date":"2021-06-15T18:19:26","date_gmt":"2021-06-15T16:19:26","guid":{"rendered":"https:\/\/www.mikronika.pl\/de\/standardy\/polityka-prywatnosci\/"},"modified":"2025-12-03T12:11:18","modified_gmt":"2025-12-03T11:11:18","slug":"datenschutzrichtlinie","status":"publish","type":"page","link":"https:\/\/www.mikronika.pl\/de\/normen\/datenschutzrichtlinie\/","title":{"rendered":"Datenschutzrichtlinie"},"content":{"rendered":"\n<p>In&nbsp;<strong>Mikronika<\/strong>&nbsp;sorgen wir f\u00fcr einen wirksamen Schutz der Informationen. Seit vielen Jahren bauen und nutzen wir das Informationssicherheitsmanagementsystem, das f\u00fcr die Einhaltung der ISO-Norm 27001 zertifiziert ist. Wir sind auch der Marktf\u00fchrer auf dem polnischen Markt im Bereich der Automatisierungsger\u00e4te und-systeme, welche mit den modernsten Cybersicherheitsfunktionen ausger\u00fcstet sind.<\/p>\n\n\n\n<p><strong>DSGVO<\/strong>&nbsp;(poln. Abk\u00fcrzung&nbsp;<strong>RODO<\/strong>)<\/p>\n\n\n\n<p>Aufgrund des Inkrafttretens der Verordnung (EU) 2016\/679 des Europ\u00e4ischen Parlaments und des Rates vom 27. April 2016 zum Schutz nat\u00fcrlicher Personen bei der Verarbeitung personenbezogener Daten, zum freien Datenverkehr und zur Aufhebung der Richtlinie 95\/46\/EG (im folgenden DSGVO) haben wir unsere Mechanismen f\u00fcr den Informationsschutz an die Anforderungen dieser Verordnung angepasst.<\/p>\n\n\n\n<p><strong>Personenbezogene Daten<\/strong><\/p>\n\n\n\n<p>Der Schutz der Privatsph\u00e4re der Menschen, mit denen wir zusammenarbeiten, ist f\u00fcr uns ein sehr wichtiges Thema. Personenbezogene Daten, die im Rahmen der Durchf\u00fchrung unserer Gesch\u00e4ftsprozesse erhoben werden, werden vertraulich und gesetzeskonform verarbeitet.<\/p>\n\n\n\n<p>Bitte beachten Sie, dass wir \u00fcber unsere Website keine pers\u00f6nlichen Daten (wie Namen, Adressen, Telefonnummern, E-Mail-Adressen) erheben, es sei denn:<\/p>\n\n\n\n<ul class=\"wp-block-list\"><li>Sie stellen uns freiwillig die oben genannten Daten zur Verf\u00fcgung, oder<\/li><li>wenn Sie dem Vorstehenden zugestimmt haben, oder<\/li><li>das entsprechende Gesetz zum Schutz personenbezogener Daten dies erlaubt<\/li><\/ul>\n\n\n\n<p>Die personenbezogenen Daten werden durch die&nbsp;<strong>MIKRONIKA sp. z o.o.<\/strong>&nbsp;mit Sitz in Posen, ul. Wykopy 2\/4, 60-001 Pozna\u0144 (<em>im Folgenden Mikronika genannt<\/em>) verwaltet.Die Verantwortliche kann schriftlich, per Post an die oben angegebene Adresse oder per E-Mail&nbsp;<a href=\"mailto:odo@mikronika.com.pl\">odo@mikronika.com.pl<\/a>&nbsp;kontaktiert werden:<\/p>\n\n\n\n<p>Dar\u00fcber hinaus erkl\u00e4rt Mikronika hiermit, dass sie keine automatisierten Entscheidungen im Einzelfall trifft und keine automatisierte Verarbeitung der personenbezogenen Daten, darin Profiling, vornimmt.<\/p>\n\n\n\n<p><strong>Zweck und Grundlage der Verarbeitung<\/strong><\/p>\n\n\n\n<p>Die in Mikronika erfassten personenbezogenen Daten werden von uns (bzw. Dritten, die in unserem Namen handeln) zur Erf\u00fcllung unserer gemeinsamen Gesch\u00e4ftsziele (z.B. Beantwortung Ihrer Fragen, Erf\u00fcllung von abgeschlossenen Vereinbarungen und Auftr\u00e4gen, zur Bereitstellung Ihnen von Informationen bzw. Unterbreitung von Angeboten verwendet und werden vor allem auf der Grundlage des Art. 6 Abs. 1 Buchstabe f DSGVO dh. auf der Grundlage der Notwendigkeit der Verarbeitung zu Zwecken, die sich aus berechtigten Interessen ergeben, die vom Verantwortlichen oder von Dritten verfolgt werden, verarbeitet.<\/p>\n\n\n\n<p>Wir verwenden und verarbeiten die von Ihnen erhobenen personenbezogenen Daten nur f\u00fcr die Ihnen mitgeteilten Zwecke, ausgenommen F\u00e4lle, bei welchen die Erhebung, Verarbeitung und Nutzung Ihrer pers\u00f6nlichen Daten:<\/p>\n\n\n\n<ul class=\"wp-block-list\"><li>zum Zweck, der mit dem prim\u00e4ren Ziel dieser Datenerhebung direkt verbunden ist, erfolgt<\/li><li>f\u00fcr die Vorbereitung, Verhandlung und Einhaltung der mit Ihnen abgeschlossenen bzw. abzuschlie\u00dfenden Vereinbarung erforderlich ist.<\/li><li>aufgrund einer bestehenden gesetzlichen Verpflichtung oder im Zusammenhang mit einer Aufforderung durch zust\u00e4ndige Beh\u00f6rde gefordert wird.<\/li><li>zur Geltendmachung, Aus\u00fcbung und Verteidigung von Rechtsanspr\u00fcchen Mikronika gegen\u00fcber, darin Teilnahme von Mikronika an Gerichtsverfahren als Angeklagte, erforderlich ist.<\/li><\/ul>\n\n\n\n<p><strong>Verarbeitungszeit<\/strong><\/p>\n\n\n\n<p>Ihre pers\u00f6nlichen Daten werden von Mikronika f\u00fcr den Zeitraum verarbeitet, der f\u00fcr die Durchf\u00fchrung der oben genannten gesetzm\u00e4\u00dfigen Interessen erforderlich ist.<\/p>\n\n\n\n<p><strong>Rechte der Personen, deren Daten verarbeitet werden<\/strong><\/p>\n\n\n\n<p>Sie haben das Recht, auf den Inhalt der zu Ihrer Person gespeicherten Daten zuzugreifen und das Recht auf deren Berichtigung, L\u00f6schung, Verarbeiterungseinschr\u00e4nkung, das Recht auf Datenportabilit\u00e4t, das Widerspruchsrecht, das Bestehen eines Rechts, die Einwilligung jederzeit zu widerrufen, ohne dass die Rechtm\u00e4\u00dfigkeit der aufgrund der Einwilligung bis zum Widerruf erfolgten Verarbeitung ber\u00fchrt wird (wenn die Verarbeitung auf Einwilligung beruht).<\/p>\n\n\n\n<p>Sie k\u00f6nnen jederzeit Ihre Einwilligung zur Verarbeitung Ihren personenbezogenen Daten zur\u00fcckziehen, indem Sie eine schriftliche Erkl\u00e4rung an den f\u00fcr Ihre Daten Verantwortlichen vorlegen. Nach Erhalt des Widerrufs der Einwilligung zu deren Aufbewahrung und Nutzung werden die personenbezogenen Daten gel\u00f6scht, falls die Verarbeitung der personenbezogenen Daten lediglich auf Ihrer Einwilligung beruht. Bei gesetzlich bedingter Wahrnehmung von Rechten bzw. Pflichten bzw falls dies mit der Vertragsabwicklung zusammenh\u00e4ngt, bleibt Mikronika weiterhin berechtigt, Ihre personenbezogenen Daten zu verarbeiten.<\/p>\n\n\n\n<p>Jede betroffene Person hat das Recht auf Beschwerde bei der Datenschutzbeh\u00f6rde, wenn sie der Ansicht ist, dass die Verarbeitung der sie betreffenden personenbezogenen Daten gegen die Datenschutz-Grundverordnung vom 27.04.2016 verst\u00f6\u00dft. Die obigen Rechte k\u00f6nnen:<\/p>\n\n\n\n<ul class=\"wp-block-list\"><li>per E-Mail-Adresse:&nbsp;<a href=\"mailto:odo@mikronika.com.pl\">odo@mikronika.com.pl<\/a>&nbsp;<\/li><li>per traditionelle Post : ul. Wykopy 2\/4, 60-001 Pozna\u0144.<\/li><\/ul>\n\n\n\n<p>wahrgenommen werden. Die aktuellen Informationen zum Datenschutz in Mikronika k\u00f6nnen Sie unserer Website<\/p>\n","protected":false},"excerpt":{"rendered":"<p>In&nbsp;Mikronika&nbsp;sorgen wir f\u00fcr einen wirksamen Schutz der Informationen. Seit vielen Jahren bauen und nutzen wir das Informationssicherheitsmanagementsystem, das f\u00fcr die Einhaltung der ISO-Norm 27001 zertifiziert ist. Wir sind auch der Marktf\u00fchrer auf dem polnischen Markt im Bereich der Automatisierungsger\u00e4te und-systeme, welche mit den modernsten Cybersicherheitsfunktionen ausger\u00fcstet sind. DSGVO&nbsp;(poln. Abk\u00fcrzung&nbsp;RODO) Aufgrund des Inkrafttretens der Verordnung (EU) [&hellip;]<\/p>\n","protected":false},"author":1,"featured_media":0,"parent":1586,"menu_order":0,"comment_status":"closed","ping_status":"closed","template":"","meta":{"footnotes":""},"class_list":["post-156","page","type-page","status-publish","hentry"],"_links":{"self":[{"href":"https:\/\/www.mikronika.pl\/de\/wp-json\/wp\/v2\/pages\/156","targetHints":{"allow":["GET"]}}],"collection":[{"href":"https:\/\/www.mikronika.pl\/de\/wp-json\/wp\/v2\/pages"}],"about":[{"href":"https:\/\/www.mikronika.pl\/de\/wp-json\/wp\/v2\/types\/page"}],"author":[{"embeddable":true,"href":"https:\/\/www.mikronika.pl\/de\/wp-json\/wp\/v2\/users\/1"}],"replies":[{"embeddable":true,"href":"https:\/\/www.mikronika.pl\/de\/wp-json\/wp\/v2\/comments?post=156"}],"version-history":[{"count":4,"href":"https:\/\/www.mikronika.pl\/de\/wp-json\/wp\/v2\/pages\/156\/revisions"}],"predecessor-version":[{"id":1632,"href":"https:\/\/www.mikronika.pl\/de\/wp-json\/wp\/v2\/pages\/156\/revisions\/1632"}],"up":[{"embeddable":true,"href":"https:\/\/www.mikronika.pl\/de\/wp-json\/wp\/v2\/pages\/1586"}],"wp:attachment":[{"href":"https:\/\/www.mikronika.pl\/de\/wp-json\/wp\/v2\/media?parent=156"}],"curies":[{"name":"wp","href":"https:\/\/api.w.org\/{rel}","templated":true}]}}