{"id":7,"date":"2021-08-26T15:52:38","date_gmt":"2021-08-26T13:52:38","guid":{"rendered":"https:\/\/www.mikronika.pl\/de\/regulamin-uslug-serwisowych\/"},"modified":"2021-09-10T23:32:33","modified_gmt":"2021-09-10T21:32:33","slug":"vorschriften-fur-wartungsdienste","status":"publish","type":"page","link":"https:\/\/www.mikronika.pl\/de\/vorschriften-fur-wartungsdienste\/","title":{"rendered":"Vorschriften f\u00fcr Wartungsdienste"},"content":{"rendered":"\n<p>Regulamin us\u0142ug serwisowych, \u015bwiadczonych przez firm\u0119 MIKRONIKA (dalej: Regulamin)<\/p>\n\n\n\n<h3 class=\"wp-block-heading\">I. Postanowienia og\u00f3lne<\/h3>\n\n\n\n<p>1. Us\u0142ugi serwisowe, \u015bwiadczone s\u0105 przez firm\u0119 MIKRONIKA Sp z o.o. (dalej: Wykonawca) z siedzib\u0105 w Poznaniu przy ulicy Wykopy 2\/4 (60-001 Pozna\u0144), wpisan\u0105 do Rejestru Przedsi\u0119biorc\u00f3w prowadzonego przez S\u0105d Rejonowy Pozna\u0144 Nowe Miasto i Wilda w Poznaniu, VIII Wydzia\u0142 Gospodarczy KRS: 0000765393, NIP: 779-250-27-60, REGON: 1064137, kapita\u0142 zak\u0142adowy: 157 900,00 PLN.<\/p>\n\n\n\n<p>2. Warunki Regulaminu okre\u015blaj\u0105 prawa i obowi\u0105zki klienta oraz Wykonawcy w zakresie us\u0142ug serwisowych \u015bwiadczonych przez Wykonawc\u0119.<\/p>\n\n\n\n<p>3. Przes\u0142anie wniosku o realizacj\u0119 przez Wykonawc\u0119 us\u0142ug serwisowych, w tym lecz nie wy\u0142\u0105cznie za po\u015brednictwem dedykowanego formularza zwrot\u00f3w i napraw wyrob\u00f3w, jest r\u00f3wnoznaczne ze z\u0142o\u017ceniem zam\u00f3wienia na realizacj\u0119 us\u0142ug serwisowych przez Wykonawc\u0119, na warunkach okre\u015blonych w Regulaminie.<\/p>\n\n\n\n<p>4. Wykonawca ma prawo odm\u00f3wi\u0107 przyj\u0119cia zam\u00f3wienia, bez podania przyczyn, w terminie do 7 dni roboczych od daty otrzymania oferty, o kt\u00f3rej mowa w pkt 3 powy\u017cej. Brak odmowy przyj\u0119cia zam\u00f3wienia traktowane jest jako jego akceptacja.<\/p>\n\n\n\n<p>5. Z\u0142o\u017cenie zam\u00f3wienia na w\u0142asnym formularzu nie wy\u0142\u0105cza stosowania postanowie\u0144 Regulaminu. Postanowienia Regulaminu maj\u0105 pierwsze\u0144stwo przed postanowieniami zawartymi w formularzu zamawiaj\u0105cego. Niniejszy Regulamin nale\u017cy traktowa\u0107 jako wyra\u017cenie sprzeciwu wobec warunk\u00f3w ustalonych jednostronnie przez zamawiaj\u0105cego.<\/p>\n\n\n\n<p>6. Wykonawca mo\u017ce wst\u0119powa\u0107 w stosunki prawne na innych warunkach ni\u017c okre\u015blone w Regulaminie wy\u0142\u0105cznie na mocy Umowy, kt\u00f3ra b\u0119dzie precyzyjnie okre\u015bla\u0107 zakres wy\u0142\u0105czenia Regulaminu i kt\u00f3ra powinna zosta\u0107 zawarta na pi\u015bmie pod rygorem niewa\u017cno\u015bci.<\/p>\n\n\n\n<p>7. Warto\u015b\u0107 realizowanej us\u0142ugi przez Wykonawc\u0119 okre\u015blana jest przez Wykonawc\u0119 z g\u00f3ry lub z do\u0142u, w zale\u017cno\u015bci od przedmiotu zam\u00f3wienia, maj\u0105c na uwadze indywidualne uzgodnienia z zamawiaj\u0105cym. Zap\u0142ata przez zamawiaj\u0105cego nale\u017cnego wynagrodzenia jest warunkiem wydania przez Wykonawc\u0119 serwisowanego urz\u0105dzenia W razie wydania urz\u0105dzenia zamawiaj\u0105cemu przed otrzymaniem wynagrodzenia, Wykonawca ma prawo \u017c\u0105da\u0107 ustanowienia na urz\u0105dzeniu prawa zastawu na poczet zabezpieczenia swojej wierzytelno\u015bci, co zamawiaj\u0105cy akceptuje. Ze swoim \u017c\u0105daniem Wykonawca mo\u017ce wyst\u0105pi\u0107 w terminie 12 miesi\u0119cy od daty wydania urz\u0105dzenia.<\/p>\n\n\n\n<h3 class=\"wp-block-heading\">II. Bezpiecze\u0144stwo danych<\/h3>\n\n\n\n<p>1. W rozumieniu Regulaminu za Informacje wymagaj\u0105ce zachowania poufno\u015bci, zwane w dalszej tre\u015bci Regulaminu \u201eInformacjami Poufnymi\u201d, uwa\u017ca si\u0119:<\/p>\n\n\n\n<p>a. wszelkie informacje ekonomiczne, finansowe, techniczne, technologiczne, programowe, handlowe, organizacyjne, prawne, osobowe i inne stanowi\u0105ce tajemnic\u0119 przedsi\u0119biorstwa;<\/p>\n\n\n\n<p>b. informacje podlegaj\u0105ce ochronie na podstawie: Rozporz\u0105dzenia Parlamentu Europejskiego i Rady (UE) 2016\/679 z dnia 27 kwietnia 2016 r. w sprawie ochrony os\u00f3b fizycznych w zwi\u0105zku z przetwarzaniem danych osobowych i w sprawie swobodnego przep\u0142ywu takich danych oraz uchylenia dyrektywy 95\/46\/WE (og\u00f3lne rozporz\u0105dzenie o ochronie danych; RODO) (Dz. Urz. UE. L Nr 119, str. 1), ustawy o ochronie danych osobowych z dnia 10 maja 2018 r. (Dz.U. z 2018 r. poz. 1000 ze zm.), ustawy o ochronie danych osobowych przetwarzanych w zwi\u0105zku z zapobieganiem i zwalczaniem przest\u0119pczo\u015bci z dnia 14 grudnia 2018 r. (Dz.U. z 2019 r. poz. 125);<\/p>\n\n\n\n<p>c. informacje zwi\u0105zane z przedmiotem dzia\u0142alno\u015bci ka\u017cdej ze stron podlegaj\u0105ce ochronie na podstawie odr\u0119bnych przepis\u00f3w;<\/p>\n\n\n\n<p>d. informacje podlegaj\u0105ce ochronie na podstawie odr\u0119bnych przepis\u00f3w, dotycz\u0105ce ka\u017cdej ze stron, jej klient\u00f3w i kontrahent\u00f3w oraz os\u00f3b trzecich wsp\u00f3\u0142pracuj\u0105cych lub powi\u0105zanych ze stron\u0105 \u2013 uzyskane w zwi\u0105zku z wsp\u00f3\u0142prac\u0105 stron, niezale\u017cnie od \u017ar\u00f3d\u0142a tych informacji i formy ich przekazania;<\/p>\n\n\n\n<p>e. informacje, kt\u00f3re mo\u017cna uzyska\u0107 przez badanie, testowanie lub analiz\u0119 informacji wymagaj\u0105cych zachowania poufno\u015bci, jak r\u00f3wnie\u017c urz\u0105dzenia, oprogramowania, system\u00f3w, element\u00f3w systemowych lub ich cz\u0119\u015bci, dostarczonych przez stron\u0119 ujawniaj\u0105c\u0105, jak r\u00f3wnie\u017c materia\u0142y i informacje opracowane w wyniku wykorzystania Informacji Poufnych wymagaj\u0105cych zachowania poufno\u015bci.<\/p>\n\n\n\n<p>2. Wykonawca oraz klient zobowi\u0105zani s\u0105 nie ujawnia\u0107, nie przekazywa\u0107, nie wykorzystywa\u0107, nie zbywa\u0107 lub oferowa\u0107 do zbycia osobom trzecim Informacji Poufnych, o ile nie uzyskaj\u0105 na to pisemnej zgody drugiej strony. Powy\u017csze postanowienie nie wy\u0142\u0105cza mo\u017cliwo\u015bci ujawnienia przez kt\u00f3r\u0105kolwiek ze stron Informacji Poufnych w sytuacji, gdy takie ujawnienie b\u0119dzie wymagane przez obowi\u0105zuj\u0105ce przepisy prawa, w zakresie przez prawo przewidzianym, w tym ujawnienia Informacji Poufnych s\u0105dowi powszechnemu lub arbitra\u017cowemu w zwi\u0105zku z jakimkolwiek post\u0119powaniem tocz\u0105cym si\u0119 przed takim s\u0105dem, jak r\u00f3wnie\u017c innemu organowi uprawnionemu na podstawie odpowiednich przepis\u00f3w prawa.<\/p>\n\n\n\n<p>3. Zakaz ujawnienia nie dotyczy Informacji Poufnych, kt\u00f3re s\u0105 lub stan\u0105 si\u0119 powszechnie znane lub wynikaj\u0105 z osobnych zasad wsp\u00f3\u0142pracy, z wyj\u0105tkiem sytuacji, gdy ich ujawnienie nast\u0105pi\u0142o z naruszeniem postanowie\u0144 Regulaminu lub obowi\u0105zuj\u0105cego prawa. Ka\u017cda ze Stron mo\u017ce ujawnia\u0107 Informacje Poufne osobom, kt\u00f3rym Informacje Poufne b\u0119d\u0105 niezb\u0119dne do wykonania zlecenia lub w celu wykonania obowi\u0105zk\u00f3w prawem przewidzianych, pod warunkiem zapewnienia dochowania przez takie osoby poufno\u015bci oraz przyj\u0119cia na siebie odpowiedzialno\u015bci wobec drugiej strony za naruszenie przez takie osoby obowi\u0105zku zachowania poufno\u015bci.<\/p>\n\n\n\n<p>4. Wykonawca nie ponosi odpowiedzialno\u015bci za dane zgromadzone na wewn\u0119trznych i zewn\u0119trznych no\u015bnikach pami\u0119ci, przekazanych z urz\u0105dzeniem do naprawy. Ustawienia u\u017cytkownika mog\u0105 zosta\u0107 utracone lub przywr\u00f3cone do ustawie\u0144 fabrycznych w trakcie naprawy. Klient sk\u0142adaj\u0105c ofert\u0119 zlecenia przyjmuje powy\u017csz\u0105 informacj\u0119 do wiadomo\u015bci i akceptuje mo\u017cliwo\u015b\u0107 utraty danych na zasadzie ryzyka.<\/p>\n\n\n\n<p>5.&nbsp;<strong><a href=\"https:\/\/www.mikronika.pl\/polityka-prywatnosci\/\">Klauzula informacyjna<\/a><\/strong>&nbsp;dla os\u00f3b dokonuj\u0105cych czynno\u015bci zlecenia prac Wykonawcy.<\/p>\n\n\n\n<h3 class=\"wp-block-heading\">III. Regulacje dotycz\u0105ce powierzenia przetwarzania danych<\/h3>\n\n\n\n<p>1. Postanowienia niniejszego rozdzia\u0142u Regulaminu stosuje si\u0119 pod warunkiem, \u017ce na serwisowych urz\u0105dzeniach, w tym no\u015bnikach danych, znajduj\u0105 si\u0119 dane osobowe w rozumieniu art. 4 ust. 1 RODO. W takim przypadku niniejszy rozdzia\u0142 regulaminu traktuje si\u0119 jako \u201einny instrument prawny\u201d w rozumieniu art. 28 ust. 3 RODO, reguluj\u0105cy zasady przetwarzania danych.<\/p>\n\n\n\n<p>2. Klient udost\u0119pniaj\u0105c Wykonawcy urz\u0105dzenie, w tym no\u015bnik danych, w celu \u015bwiadczenia us\u0142ug serwisowych o\u015bwiadcza, \u017ce jest uprawniony do przetwarzania danych zawartych na tym urz\u0105dzeniu \/ no\u015bniku, jak r\u00f3wnie\u017c \u017ce jest uprawniony do jego udost\u0119pnienia Wykonawcy w celu \u015bwiadczenia us\u0142ug serwisowych na warunkach okre\u015blonych w niniejszym Regulaminie, ze szczeg\u00f3lnym uwzgl\u0119dnieniem Rozdzia\u0142u II pkt 4 Regulaminu.<\/p>\n\n\n\n<p>3. Klient sk\u0142adaj\u0105c zlecenie us\u0142ug serwisowych powierza Wykonawcy do przetwarzania dane osobowe zawarte na urz\u0105dzeniu, w tym no\u015bniku danych, wy\u0142\u0105cznie w celu realizacji us\u0142ugi.<\/p>\n\n\n\n<p>4. Wykonawca mo\u017ce realizowa\u0107 na danych osobowych, o kt\u00f3rych mowa w pkt 3 niniejszego rozdzia\u0142u&nbsp; nast\u0119puj\u0105ce operacje: przechowywanie, utrwalanie, usuwanie.<\/p>\n\n\n\n<p>5. Po zako\u0144czeniu \u015bwiadczenia us\u0142ug zwi\u0105zanych z przetwarzaniem Wykonawca usunie lub zwr\u00f3ci wszelkie dane osobowych oraz usunie ich ewentualnie istniej\u0105ce kopie w zale\u017cno\u015bci od decyzji klienta.<\/p>\n\n\n\n<p>6. Wykonawca zobowi\u0105zuje si\u0119 do zabezpieczenia powierzonych danych osobowych, z uwzgl\u0119dnieniem jednak postanowie\u0144 rozdzia\u0142u II pkt 4 Regulaminu. To oznacza, \u017ce Wykonawca nie gwarantuje w \u017cadnym momencie, \u017ce dane zawarte na urz\u0105dzeniu, w tym no\u015bniku danych, nie zostan\u0105 trwale usuni\u0119te.<\/p>\n\n\n\n<p>7. Wykonawca po stwierdzeniu naruszenia ochrony danych osobowych ma obowi\u0105zek bez zb\u0119dnej zw\u0142oki, jednak w ka\u017cdym przypadku, nie p\u00f3\u017aniej ni\u017c w ci\u0105gu 36 godzin od daty stwierdzenia naruszenia, zg\u0142osi\u0107 je klientowi.<\/p>\n\n\n\n<p>8. Rodzaj i zakres \u015bwiadczonych us\u0142ug nie wi\u0105\u017ce si\u0119 z obowi\u0105zkiem Wykonawcy w obszarze wspierania klienta w odpowiadaniu na \u017c\u0105dania os\u00f3b, kt\u00f3rych dane dotycz\u0105, w zakresie wykonywania ich praw okre\u015blonych w rozdziale III rozporz\u0105dzenia (art. 28 ust.3 lit. E Rozporz\u0105dzenia).<\/p>\n\n\n\n<p>9. Wykonawca mo\u017ce powierzy\u0107 dane osobowe obj\u0119te niniejsz\u0105 Umow\u0105 do dalszego przetwarzania podwykonawcom jedynie w celu wykonania Umowy.<\/p>\n\n\n\n<p>10. Wykonawca na wniosek klienta przedstawia informacje o aktualnie stosowanych zabezpieczeniach w obszarze ochrony danych w procesie serwisowania urz\u0105dze\u0144, w tym no\u015bnik\u00f3w danych. Wniosek taki nie mo\u017ce by\u0107 kierowany do Wykonawcy cz\u0119\u015bciej ni\u017c raz na sze\u015b\u0107 miesi\u0119cy.<\/p>\n\n\n\n<h3 class=\"wp-block-heading\">IV. Zakres us\u0142ug serwisowych<\/h3>\n\n\n\n<p>1. Wykonawca wykonuje us\u0142ugi serwisowe wy\u0142\u0105cznie urz\u0105dze\u0144 jego produkcji oraz urz\u0105dze\u0144 innych producent\u00f3w, dostarczonych przez Wykonawc\u0119 w ramach realizowanych przez niego zam\u00f3wie\u0144\/Um\u00f3w.<\/p>\n\n\n\n<p>2. Naprawa urz\u0105dze\u0144 innych producent\u00f3w, dostarczonych przez Wykonawc\u0119 w ramach realizowanych przez niego zam\u00f3wie\u0144\/Um\u00f3w, b\u0119dzie realizowana w serwisie firmy b\u0119d\u0105cej dostawc\u0105 urz\u0105dzenia.<\/p>\n\n\n\n<p>3. Wykonawca \u015bwiadczy odp\u0142atne naprawy wad zg\u0142oszonych po up\u0142ywie okresu gwarancji (zwane dalej naprawami pogwarancyjnymi). Wykonawca dokona naprawy pogwarancyjnej w terminie ustalonym z Zamawiaj\u0105cym lub w najszybszym mo\u017cliwym terminie.<\/p>\n\n\n\n<p>4. Wykonawca udziela gwarancji na wykonan\u0105 us\u0142ug\u0119 serwisow\u0105 wady zg\u0142oszonej w okresie gwarancji, zgodnie z Umow\u0105\/zam\u00f3wieniem.<\/p>\n\n\n\n<p>5. Wykonawca udziela 12-miesi\u0119cznej gwarancji w zakresie wykonanej us\u0142ugi serwisowej wady zg\u0142oszonej po up\u0142ywie gwarancji.<\/p>\n\n\n\n<p>6. W przypadku niestwierdzenia wady w wyrobie przekazanym Wykonawcy do naprawy pogwarancyjnej, klient pokryje koszt diagnostyki w wysoko\u015bci:<br>- 300 PLN netto w przypadku urz\u0105dze\u0144 z\u0142o\u017conych (sterowniki);<br>- 150 PLN netto w przypadku urz\u0105dze\u0144 prostych (pakiety i modu\u0142y).<\/p>\n\n\n\n<p>7. O ile, co innego nie wynika z postanowie\u0144 odr\u0119bnej Umowy\/zam\u00f3wienia lub dokumentu gwarancyjnego, postanowienia niniejszego Regulaminu stosuje si\u0119 odpowiednio r\u00f3wnie\u017c do realizowanych przez Wykonawc\u0119 bezp\u0142atnych napraw w ramach odr\u0119bnych gwarancji udzielonych przez Wykonawc\u0119. Wykonawca zastrzega sobie prawo odmowy wykonania bezp\u0142atnej naprawy gwarancyjnej w przypadku uszkodze\u0144 powsta\u0142ych na skutek u\u017cytkowania urz\u0105dzenia niezgodnego z przeznaczeniem lub instrukcj\u0105 obs\u0142ugi, uszkodzenia mechanicznego oraz uszkodze\u0144 powsta\u0142ych na skutek wypadk\u00f3w losowych (po\u017car, zalanie wod\u0105, wy\u0142adowania atmosferyczne itp.), a tak\u017ce na skutek dzia\u0142ania wirus\u00f3w, uszkodzenia plomby. Uszkodzenia b\u0119d\u0105ce nast\u0119pstwem nieautoryzowanego serwisu lub wykorzystanie niezalecanych przez producent\u00f3w podzespo\u0142\u00f3w i materia\u0142\u00f3w eksploatacyjnych powoduj\u0105 utrat\u0119 praw do roszcze\u0144 gwarancyjnych.<\/p>\n\n\n\n<p>8. Wady urz\u0105dze\u0144 obj\u0119tych gwarancj\u0105 na podstawie odr\u0119bnej gwarancji udzielonej przez firm\u0119 MIKRONIKA, b\u0119d\u0105 usuwane w terminie zgodnym z Umow\u0105\/zam\u00f3wieniem, po zg\u0142oszeniu ich przez klienta. W przypadku, gdy Umowa\/zam\u00f3wienie nie reguluj\u0105 terminu naprawy wady zg\u0142oszonej w okresie gwarancji, Wykonawca usunie wad\u0119 w terminie do 14 dni od daty otrzymania urz\u0105dzenia wraz z \u201eFormularzem zwrot\u00f3w i napraw wyrob\u00f3w\u201d. Termin naprawy mo\u017ce ulec zmianie po uzgodnieniu z klientem.<\/p>\n\n\n\n<h3 class=\"wp-block-heading\">V. Zg\u0142aszanie wad<\/h3>\n\n\n\n<p>1. Wady produktu nale\u017cy zg\u0142osi\u0107 na&nbsp;<strong><a href=\"https:\/\/www.mikronika.pl\/wp-files\/Zwrot_pl.en_v20.02_Formularz.pdf\" target=\"_blank\" rel=\"noreferrer noopener\">Formularz zwrot\u00f3w i napraw wyrob\u00f3w<\/a><\/strong>.<\/p>\n\n\n\n<p>2. Wype\u0142niony formularz nale\u017cy do\u0142\u0105czy\u0107 do paczki z uszkodzonym\/zwracanym urz\u0105dzeniem i przes\u0142a\u0107 na adres Wykonawcy: MIKRONIKA, ul. WYKOPY 2\/4, 60-001 POZNA\u0143.<\/p>\n\n\n\n<p>3. Je\u017celi urz\u0105dzenie by\u0142o zakupione od Wykonawcy, do przesy\u0142ki nale\u017cy do\u0142\u0105czy\u0107 kopi\u0119 faktury.<\/p>\n\n\n\n<h3 class=\"wp-block-heading\">VI. Dostawa i opakowanie<\/h3>\n\n\n\n<p>1. Urz\u0105dzenie przesy\u0142ane do Wykonawcy powinno by\u0107 zapakowane w spos\u00f3b zapobiegaj\u0105cy jakimkolwiek uszkodzeniom w czasie transportu.<\/p>\n\n\n\n<p>2. Wykonawca zastrzega sobie prawo do odmowy naprawy urz\u0105dzenia w przypadku nie zastosowania si\u0119 do powy\u017cszych zasad.<\/p>\n\n\n\n<p>3. Po naprawie, urz\u0105dzenie wraz z protoko\u0142em serwisowym, zostanie dostarczone poczt\u0105 kuriersk\u0105 na adres wskazany przez klienta w Formularzu zwrot\u00f3w i napraw wyrob\u00f3w.<\/p>\n\n\n\n<p>4. Koszt dostawy wyrobu po naprawie zostanie wliczony do ceny us\u0142ugi serwisowej.<\/p>\n\n\n\n<h3 class=\"wp-block-heading\">VII. Informacja o stanie realizacji zlecenia<\/h3>\n\n\n\n<p>1. Po przyj\u0119ciu urz\u0105dzenia Wykonawca nadaje reklamacji numer RMA (ang. Return Material Authorisation) i przesy\u0142a go do Klienta na adres e-mail wskazany w Formularzu zwrot\u00f3w i napraw, je\u015bli zostanie za\u0142\u0105czony do urz\u0105dzenia.<\/p>\n\n\n\n<p>2. Klient mo\u017ce uzyska\u0107 informacj\u0119 o stanie realizacji zlecenia pod numerem telefonu +48 061 6655 600 lub adresem e-mail biuro@mikronika.com.pl.<\/p>\n\n\n\n<h3 class=\"wp-block-heading\">VIII. Postanowienia ko\u0144cowe<\/h3>\n\n\n\n<p>W przypadku rozstrzygania spor\u00f3w, wynikaj\u0105cych z realizacji zlecenia us\u0142ugi serwisowej, s\u0105dem w\u0142a\u015bciwym miejscowo jest S\u0105d w\u0142a\u015bciwy dla siedziby Wykonawcy.<\/p>\n","protected":false},"excerpt":{"rendered":"<p>Regulamin us\u0142ug serwisowych, \u015bwiadczonych przez firm\u0119 MIKRONIKA (dalej: Regulamin) I. Postanowienia og\u00f3lne 1. Us\u0142ugi serwisowe, \u015bwiadczone s\u0105 przez firm\u0119 MIKRONIKA Sp z o.o. (dalej: Wykonawca) z siedzib\u0105 w Poznaniu przy ulicy Wykopy 2\/4 (60-001 Pozna\u0144), wpisan\u0105 do Rejestru Przedsi\u0119biorc\u00f3w prowadzonego przez S\u0105d Rejonowy Pozna\u0144 Nowe Miasto i Wilda w Poznaniu, VIII Wydzia\u0142 Gospodarczy KRS: 0000765393, [&hellip;]<\/p>\n","protected":false},"author":1,"featured_media":0,"parent":0,"menu_order":0,"comment_status":"closed","ping_status":"closed","template":"","meta":{"footnotes":""},"class_list":["post-7","page","type-page","status-publish","hentry"],"_links":{"self":[{"href":"https:\/\/www.mikronika.pl\/de\/wp-json\/wp\/v2\/pages\/7","targetHints":{"allow":["GET"]}}],"collection":[{"href":"https:\/\/www.mikronika.pl\/de\/wp-json\/wp\/v2\/pages"}],"about":[{"href":"https:\/\/www.mikronika.pl\/de\/wp-json\/wp\/v2\/types\/page"}],"author":[{"embeddable":true,"href":"https:\/\/www.mikronika.pl\/de\/wp-json\/wp\/v2\/users\/1"}],"replies":[{"embeddable":true,"href":"https:\/\/www.mikronika.pl\/de\/wp-json\/wp\/v2\/comments?post=7"}],"version-history":[{"count":1,"href":"https:\/\/www.mikronika.pl\/de\/wp-json\/wp\/v2\/pages\/7\/revisions"}],"predecessor-version":[{"id":172,"href":"https:\/\/www.mikronika.pl\/de\/wp-json\/wp\/v2\/pages\/7\/revisions\/172"}],"wp:attachment":[{"href":"https:\/\/www.mikronika.pl\/de\/wp-json\/wp\/v2\/media?parent=7"}],"curies":[{"name":"wp","href":"https:\/\/api.w.org\/{rel}","templated":true}]}}